{"id":4358,"date":"2021-01-19T09:29:35","date_gmt":"2021-01-19T13:29:35","guid":{"rendered":"https:\/\/admision.uta.cl\/?page_id=4358"},"modified":"2025-12-29T10:56:11","modified_gmt":"2025-12-29T14:56:11","slug":"ingreso-especial-propedeutico-de-pedagogias","status":"publish","type":"page","link":"https:\/\/admision.uta.cl\/index.php\/ingreso-especial-propedeutico-de-pedagogias\/","title":{"rendered":"Ingreso Especial &#8211; Proped\u00e9utico de Pedagog\u00edas"},"content":{"rendered":"\t\t<div data-elementor-type=\"wp-page\" data-elementor-id=\"4358\" class=\"elementor elementor-4358\" data-elementor-settings=\"[]\">\n\t\t\t\t\t\t<div class=\"elementor-inner\">\n\t\t\t\t\t\t\t<div class=\"elementor-section-wrap\">\n\t\t\t\t\t\t\t<section class=\"elementor-section elementor-top-section elementor-element elementor-element-1057b48 elementor-section-boxed elementor-section-height-default elementor-section-height-default\" data-id=\"1057b48\" data-element_type=\"section\">\n\t\t\t\t\t\t<div class=\"elementor-container elementor-column-gap-default\">\n\t\t\t\t\t\t\t<div class=\"elementor-row\">\n\t\t\t\t\t<div class=\"elementor-column elementor-col-100 elementor-top-column elementor-element elementor-element-bbfd644\" data-id=\"bbfd644\" data-element_type=\"column\">\n\t\t\t<div class=\"elementor-column-wrap elementor-element-populated\">\n\t\t\t\t\t\t\t<div class=\"elementor-widget-wrap\">\n\t\t\t\t\t\t<section class=\"elementor-section elementor-inner-section elementor-element elementor-element-107be71 elementor-section-boxed elementor-section-height-default elementor-section-height-default\" data-id=\"107be71\" data-element_type=\"section\">\n\t\t\t\t\t\t<div class=\"elementor-container elementor-column-gap-no\">\n\t\t\t\t\t\t\t<div class=\"elementor-row\">\n\t\t\t\t\t<div class=\"elementor-column elementor-col-25 elementor-inner-column elementor-element elementor-element-0e30ed0\" data-id=\"0e30ed0\" data-element_type=\"column\">\n\t\t\t<div class=\"elementor-column-wrap elementor-element-populated\">\n\t\t\t\t\t\t\t<div class=\"elementor-widget-wrap\">\n\t\t\t\t\t\t<div class=\"elementor-element elementor-element-941020b elementor-align-center elementor-widget elementor-widget-button\" data-id=\"941020b\" data-element_type=\"widget\" data-widget_type=\"button.default\">\n\t\t\t\t<div class=\"elementor-widget-container\">\n\t\t\t\t\t<div class=\"elementor-button-wrapper\">\n\t\t\t<a href=\"https:\/\/admision.uta.cl\/\" class=\"elementor-button-link elementor-button elementor-size-xs\" role=\"button\">\n\t\t\t\t\t\t<span class=\"elementor-button-content-wrapper\">\n\t\t\t\t\t\t<span class=\"elementor-button-text\">Inicio<\/span>\n\t\t<\/span>\n\t\t\t\t\t<\/a>\n\t\t<\/div>\n\t\t\t\t<\/div>\n\t\t\t\t<\/div>\n\t\t\t\t\t\t<\/div>\n\t\t\t\t\t<\/div>\n\t\t<\/div>\n\t\t\t\t<div class=\"elementor-column elementor-col-25 elementor-inner-column elementor-element elementor-element-f9edb6c\" data-id=\"f9edb6c\" data-element_type=\"column\">\n\t\t\t<div class=\"elementor-column-wrap elementor-element-populated\">\n\t\t\t\t\t\t\t<div class=\"elementor-widget-wrap\">\n\t\t\t\t\t\t<div class=\"elementor-element elementor-element-0aac945 elementor-align-center elementor-widget elementor-widget-button\" data-id=\"0aac945\" data-element_type=\"widget\" data-widget_type=\"button.default\">\n\t\t\t\t<div class=\"elementor-widget-container\">\n\t\t\t\t\t<div class=\"elementor-button-wrapper\">\n\t\t\t<a href=\"https:\/\/admision.uta.cl\/#proceso-admision\" class=\"elementor-button-link elementor-button elementor-size-xs\" role=\"button\">\n\t\t\t\t\t\t<span class=\"elementor-button-content-wrapper\">\n\t\t\t\t\t\t<span class=\"elementor-button-text\">Ingreso regular PAES<\/span>\n\t\t<\/span>\n\t\t\t\t\t<\/a>\n\t\t<\/div>\n\t\t\t\t<\/div>\n\t\t\t\t<\/div>\n\t\t\t\t\t\t<\/div>\n\t\t\t\t\t<\/div>\n\t\t<\/div>\n\t\t\t\t<div class=\"elementor-column elementor-col-25 elementor-inner-column elementor-element elementor-element-7d6aebb\" data-id=\"7d6aebb\" data-element_type=\"column\">\n\t\t\t<div class=\"elementor-column-wrap elementor-element-populated\">\n\t\t\t\t\t\t\t<div class=\"elementor-widget-wrap\">\n\t\t\t\t\t\t<div class=\"elementor-element elementor-element-4154664 elementor-align-center elementor-widget elementor-widget-button\" data-id=\"4154664\" data-element_type=\"widget\" data-widget_type=\"button.default\">\n\t\t\t\t<div class=\"elementor-widget-container\">\n\t\t\t\t\t<div class=\"elementor-button-wrapper\">\n\t\t\t<a href=\"https:\/\/admision.uta.cl\/index.php\/ingresos-especiales-2\/\" class=\"elementor-button-link elementor-button elementor-size-xs\" role=\"button\">\n\t\t\t\t\t\t<span class=\"elementor-button-content-wrapper\">\n\t\t\t\t\t\t<span class=\"elementor-button-text\">Ingresos Especiales<\/span>\n\t\t<\/span>\n\t\t\t\t\t<\/a>\n\t\t<\/div>\n\t\t\t\t<\/div>\n\t\t\t\t<\/div>\n\t\t\t\t\t\t<\/div>\n\t\t\t\t\t<\/div>\n\t\t<\/div>\n\t\t\t\t<div class=\"elementor-column elementor-col-25 elementor-inner-column elementor-element elementor-element-6dc4dd5\" data-id=\"6dc4dd5\" data-element_type=\"column\">\n\t\t\t<div class=\"elementor-column-wrap elementor-element-populated\">\n\t\t\t\t\t\t\t<div class=\"elementor-widget-wrap\">\n\t\t\t\t\t\t<div class=\"elementor-element elementor-element-503cf16 elementor-align-center elementor-widget elementor-widget-button\" data-id=\"503cf16\" data-element_type=\"widget\" data-widget_type=\"button.default\">\n\t\t\t\t<div class=\"elementor-widget-container\">\n\t\t\t\t\t<div class=\"elementor-button-wrapper\">\n\t\t\t<a href=\"https:\/\/admision.uta.cl\/index.php\/carreras-vespertinas\/\" class=\"elementor-button-link elementor-button elementor-size-xs\" role=\"button\">\n\t\t\t\t\t\t<span class=\"elementor-button-content-wrapper\">\n\t\t\t\t\t\t<span class=\"elementor-button-text\">Carreras Vespertinas<\/span>\n\t\t<\/span>\n\t\t\t\t\t<\/a>\n\t\t<\/div>\n\t\t\t\t<\/div>\n\t\t\t\t<\/div>\n\t\t\t\t\t\t<\/div>\n\t\t\t\t\t<\/div>\n\t\t<\/div>\n\t\t\t\t\t\t\t\t<\/div>\n\t\t\t\t\t<\/div>\n\t\t<\/section>\n\t\t\t\t\t\t<\/div>\n\t\t\t\t\t<\/div>\n\t\t<\/div>\n\t\t\t\t\t\t\t\t<\/div>\n\t\t\t\t\t<\/div>\n\t\t<\/section>\n\t\t\t\t<section class=\"elementor-section elementor-top-section elementor-element elementor-element-1de56bb elementor-section-boxed elementor-section-height-default elementor-section-height-default\" data-id=\"1de56bb\" data-element_type=\"section\">\n\t\t\t\t\t\t<div class=\"elementor-container elementor-column-gap-default\">\n\t\t\t\t\t\t\t<div class=\"elementor-row\">\n\t\t\t\t\t<div class=\"elementor-column elementor-col-100 elementor-top-column elementor-element elementor-element-0404ad1\" data-id=\"0404ad1\" data-element_type=\"column\">\n\t\t\t<div class=\"elementor-column-wrap elementor-element-populated\">\n\t\t\t\t\t\t\t<div class=\"elementor-widget-wrap\">\n\t\t\t\t\t\t<div class=\"elementor-element elementor-element-7b84a99 elementor-widget elementor-widget-heading\" data-id=\"7b84a99\" data-element_type=\"widget\" data-widget_type=\"heading.default\">\n\t\t\t\t<div class=\"elementor-widget-container\">\n\t\t\t<h2 class=\"elementor-heading-title elementor-size-default\">INGRESO<b> ESPECIAL<\/b><\/h2>\t\t<\/div>\n\t\t\t\t<\/div>\n\t\t\t\t<div class=\"elementor-element elementor-element-e0e9a99 elementor-widget elementor-widget-heading\" data-id=\"e0e9a99\" data-element_type=\"widget\" data-widget_type=\"heading.default\">\n\t\t\t\t<div class=\"elementor-widget-container\">\n\t\t\t<h2 class=\"elementor-heading-title elementor-size-default\">INGRESO ESPECIAL \n<b>PROPED\u00c9UTICO<\/b><\/h2>\t\t<\/div>\n\t\t\t\t<\/div>\n\t\t\t\t\t\t<\/div>\n\t\t\t\t\t<\/div>\n\t\t<\/div>\n\t\t\t\t\t\t\t\t<\/div>\n\t\t\t\t\t<\/div>\n\t\t<\/section>\n\t\t\t\t<section class=\"elementor-section elementor-top-section elementor-element elementor-element-0f8c043 elementor-section-boxed elementor-section-height-default elementor-section-height-default\" data-id=\"0f8c043\" data-element_type=\"section\">\n\t\t\t\t\t\t<div class=\"elementor-container elementor-column-gap-default\">\n\t\t\t\t\t\t\t<div class=\"elementor-row\">\n\t\t\t\t\t<div class=\"elementor-column elementor-col-100 elementor-top-column elementor-element elementor-element-aa546f6\" data-id=\"aa546f6\" data-element_type=\"column\">\n\t\t\t<div class=\"elementor-column-wrap elementor-element-populated\">\n\t\t\t\t\t\t\t<div class=\"elementor-widget-wrap\">\n\t\t\t\t\t\t<div class=\"elementor-element elementor-element-73fceee elementor-widget-divider--view-line elementor-widget elementor-widget-divider\" data-id=\"73fceee\" data-element_type=\"widget\" data-widget_type=\"divider.default\">\n\t\t\t\t<div class=\"elementor-widget-container\">\n\t\t\t\t\t<div class=\"elementor-divider\">\n\t\t\t<span class=\"elementor-divider-separator\">\n\t\t\t\t\t\t<\/span>\n\t\t<\/div>\n\t\t\t\t<\/div>\n\t\t\t\t<\/div>\n\t\t\t\t\t\t<\/div>\n\t\t\t\t\t<\/div>\n\t\t<\/div>\n\t\t\t\t\t\t\t\t<\/div>\n\t\t\t\t\t<\/div>\n\t\t<\/section>\n\t\t\t\t<section class=\"elementor-section elementor-top-section elementor-element elementor-element-f95c620 elementor-section-boxed elementor-section-height-default elementor-section-height-default\" data-id=\"f95c620\" data-element_type=\"section\">\n\t\t\t\t\t\t<div class=\"elementor-container elementor-column-gap-default\">\n\t\t\t\t\t\t\t<div class=\"elementor-row\">\n\t\t\t\t\t<div class=\"elementor-column elementor-col-100 elementor-top-column elementor-element elementor-element-5c1df1c\" data-id=\"5c1df1c\" data-element_type=\"column\">\n\t\t\t<div class=\"elementor-column-wrap elementor-element-populated\">\n\t\t\t\t\t\t\t<div class=\"elementor-widget-wrap\">\n\t\t\t\t\t\t<div class=\"elementor-element elementor-element-62ac12a elementor-widget elementor-widget-text-editor\" data-id=\"62ac12a\" data-element_type=\"widget\" data-widget_type=\"text-editor.default\">\n\t\t\t\t<div class=\"elementor-widget-container\">\n\t\t\t\t\t<div class=\"elementor-text-editor elementor-clearfix\"><p>La Universidad de Tarapac\u00e1 contempla la siguiente situaci\u00f3n para alumnos del programa proped\u00e9utico que tiene como finalidad mejorar la calidad de las condiciones de ingreso de los estudiantes de pedagog\u00eda, generando mecanismos de articulaci\u00f3n con los establecimientos educacionales de la regi\u00f3n. El Proped\u00e9utico se sustenta en el marco del programa Liceos Prioritarios del Ministerio de Educaci\u00f3n de Chile, y en Asociaci\u00f3n con OREALC-UNESCO, Fundaci\u00f3n Equitas y Fundaci\u00f3n Ford.<\/p><p><strong><span style=\"text-decoration: underline;\">Requisitos:<\/span><\/strong><\/p><ul><li>Haber rendido la Prueba de Acceso a la Educaci\u00f3n Superior (PAES), correspondiente al per\u00edodo de su postulaci\u00f3n (y haber obtenido un puntaje igual o superior al m\u00ednimo exigido por el Consejo de Rectores).<\/li><li>Haz tu\u00a0<span style=\"color: #3366ff;\"><a style=\"color: #3366ff;\" href=\"https:\/\/nsisaca.uta.cl\/wwwadmision\/public\/postulacion\/postular\/index\" target=\"_blank\" rel=\"noopener\"><i><b>Postulaci\u00f3n Aqu\u00ed<\/b><\/i><\/a><\/span>, postulando hasta dos carreras en estricto orden de preferencia (exceptuando la carrera de Medicina).<\/li><\/ul><p><span style=\"text-decoration: underline;\"><strong>Documentos Solicitados:<\/strong><\/span><\/p><ul><li>Constancia emitida por la Coordinaci\u00f3n del Programa donde acredite una asistencia igual o superior a 80%.<\/li><li>Certificado de participaci\u00f3n en cursos del proped\u00e9utico emitida por la Coordinaci\u00f3n del Programa (m\u00ednimo 5.0)<\/li><li>Certificado de Concentraci\u00f3n de Notas de Educaci\u00f3n Media<\/li><li>Carta de Compromiso en la que el postulante se compromete a participar en los cursos de nivelaci\u00f3n y tutor\u00edas si es diagnosticado con dicha necesidad al iniciar el a\u00f1o acad\u00e9mico a trav\u00e9s de las pruebas de diagn\u00f3stico y de caracterizaci\u00f3n realizadas por el \u00c1rea de Seguimiento y Apoyo al Estudiante del Centro de Innovaci\u00f3n y Desarrollo de la Docencia.<\/li><li>Fotocopia de C\u00e9dula de Identidad.<\/li><\/ul><\/div>\n\t\t\t\t<\/div>\n\t\t\t\t<\/div>\n\t\t\t\t\t\t<\/div>\n\t\t\t\t\t<\/div>\n\t\t<\/div>\n\t\t\t\t\t\t\t\t<\/div>\n\t\t\t\t\t<\/div>\n\t\t<\/section>\n\t\t\t\t\t\t<\/div>\n\t\t\t\t\t\t<\/div>\n\t\t\t\t\t<\/div>\n\t\t","protected":false},"excerpt":{"rendered":"<p>Inicio Ingreso regular PAES Ingresos Especiales Carreras Vespertinas INGRESO ESPECIAL INGRESO ESPECIAL PROPED\u00c9UTICO La Universidad de Tarapac\u00e1 contempla la siguiente situaci\u00f3n para alumnos del programa proped\u00e9utico que tiene como finalidad mejorar la calidad de las condiciones de ingreso de los estudiantes de pedagog\u00eda, generando mecanismos de articulaci\u00f3n con los establecimientos educacionales de la regi\u00f3n. El [&hellip;]<\/p>\n","protected":false},"author":1,"featured_media":0,"parent":0,"menu_order":0,"comment_status":"closed","ping_status":"closed","template":"elementor_header_footer","meta":{"footnotes":""},"_links":{"self":[{"href":"https:\/\/admision.uta.cl\/index.php\/wp-json\/wp\/v2\/pages\/4358"}],"collection":[{"href":"https:\/\/admision.uta.cl\/index.php\/wp-json\/wp\/v2\/pages"}],"about":[{"href":"https:\/\/admision.uta.cl\/index.php\/wp-json\/wp\/v2\/types\/page"}],"author":[{"embeddable":true,"href":"https:\/\/admision.uta.cl\/index.php\/wp-json\/wp\/v2\/users\/1"}],"replies":[{"embeddable":true,"href":"https:\/\/admision.uta.cl\/index.php\/wp-json\/wp\/v2\/comments?post=4358"}],"version-history":[{"count":20,"href":"https:\/\/admision.uta.cl\/index.php\/wp-json\/wp\/v2\/pages\/4358\/revisions"}],"predecessor-version":[{"id":25681,"href":"https:\/\/admision.uta.cl\/index.php\/wp-json\/wp\/v2\/pages\/4358\/revisions\/25681"}],"wp:attachment":[{"href":"https:\/\/admision.uta.cl\/index.php\/wp-json\/wp\/v2\/media?parent=4358"}],"curies":[{"name":"wp","href":"https:\/\/api.w.org\/{rel}","templated":true}]}}