{"id":5003,"date":"2021-11-30T11:24:31","date_gmt":"2021-11-30T15:24:31","guid":{"rendered":"https:\/\/admision.uta.cl\/?page_id=5003"},"modified":"2026-01-08T13:35:54","modified_gmt":"2026-01-08T17:35:54","slug":"carrera-vespertina-ingenieria-en-ciencia-de-datos","status":"publish","type":"page","link":"https:\/\/admision.uta.cl\/index.php\/carrera-vespertina-ingenieria-en-ciencia-de-datos\/","title":{"rendered":"Carrera Vespertina &#8211; Ingenier\u00eda en Ciencia de Datos"},"content":{"rendered":"\t\t<div data-elementor-type=\"wp-page\" data-elementor-id=\"5003\" class=\"elementor elementor-5003\" data-elementor-settings=\"[]\">\n\t\t\t\t\t\t<div class=\"elementor-inner\">\n\t\t\t\t\t\t\t<div class=\"elementor-section-wrap\">\n\t\t\t\t\t\t\t<section class=\"elementor-section elementor-top-section elementor-element elementor-element-1057b48 elementor-section-boxed elementor-section-height-default elementor-section-height-default\" data-id=\"1057b48\" data-element_type=\"section\">\n\t\t\t\t\t\t<div class=\"elementor-container elementor-column-gap-default\">\n\t\t\t\t\t\t\t<div class=\"elementor-row\">\n\t\t\t\t\t<div class=\"elementor-column elementor-col-100 elementor-top-column elementor-element elementor-element-bbfd644\" data-id=\"bbfd644\" data-element_type=\"column\">\n\t\t\t<div class=\"elementor-column-wrap elementor-element-populated\">\n\t\t\t\t\t\t\t<div class=\"elementor-widget-wrap\">\n\t\t\t\t\t\t<section class=\"elementor-section elementor-inner-section elementor-element elementor-element-107be71 elementor-section-boxed elementor-section-height-default elementor-section-height-default\" data-id=\"107be71\" data-element_type=\"section\">\n\t\t\t\t\t\t<div class=\"elementor-container elementor-column-gap-no\">\n\t\t\t\t\t\t\t<div class=\"elementor-row\">\n\t\t\t\t\t<div class=\"elementor-column elementor-col-25 elementor-inner-column elementor-element elementor-element-0e30ed0\" data-id=\"0e30ed0\" data-element_type=\"column\">\n\t\t\t<div class=\"elementor-column-wrap elementor-element-populated\">\n\t\t\t\t\t\t\t<div class=\"elementor-widget-wrap\">\n\t\t\t\t\t\t<div class=\"elementor-element elementor-element-941020b elementor-align-center elementor-widget elementor-widget-button\" data-id=\"941020b\" data-element_type=\"widget\" data-widget_type=\"button.default\">\n\t\t\t\t<div class=\"elementor-widget-container\">\n\t\t\t\t\t<div class=\"elementor-button-wrapper\">\n\t\t\t<a href=\"https:\/\/admision.uta.cl\/\" class=\"elementor-button-link elementor-button elementor-size-xs\" role=\"button\">\n\t\t\t\t\t\t<span class=\"elementor-button-content-wrapper\">\n\t\t\t\t\t\t<span class=\"elementor-button-text\">Inicio<\/span>\n\t\t<\/span>\n\t\t\t\t\t<\/a>\n\t\t<\/div>\n\t\t\t\t<\/div>\n\t\t\t\t<\/div>\n\t\t\t\t\t\t<\/div>\n\t\t\t\t\t<\/div>\n\t\t<\/div>\n\t\t\t\t<div class=\"elementor-column elementor-col-25 elementor-inner-column elementor-element elementor-element-f9edb6c\" data-id=\"f9edb6c\" data-element_type=\"column\">\n\t\t\t<div class=\"elementor-column-wrap elementor-element-populated\">\n\t\t\t\t\t\t\t<div class=\"elementor-widget-wrap\">\n\t\t\t\t\t\t<div class=\"elementor-element elementor-element-0aac945 elementor-align-center elementor-widget elementor-widget-button\" data-id=\"0aac945\" data-element_type=\"widget\" data-widget_type=\"button.default\">\n\t\t\t\t<div class=\"elementor-widget-container\">\n\t\t\t\t\t<div class=\"elementor-button-wrapper\">\n\t\t\t<a href=\"https:\/\/admision.uta.cl\/#proceso-admision\" class=\"elementor-button-link elementor-button elementor-size-xs\" role=\"button\">\n\t\t\t\t\t\t<span class=\"elementor-button-content-wrapper\">\n\t\t\t\t\t\t<span class=\"elementor-button-text\">Ingreso regular PTU<\/span>\n\t\t<\/span>\n\t\t\t\t\t<\/a>\n\t\t<\/div>\n\t\t\t\t<\/div>\n\t\t\t\t<\/div>\n\t\t\t\t\t\t<\/div>\n\t\t\t\t\t<\/div>\n\t\t<\/div>\n\t\t\t\t<div class=\"elementor-column elementor-col-25 elementor-inner-column elementor-element elementor-element-7d6aebb\" data-id=\"7d6aebb\" data-element_type=\"column\">\n\t\t\t<div class=\"elementor-column-wrap elementor-element-populated\">\n\t\t\t\t\t\t\t<div class=\"elementor-widget-wrap\">\n\t\t\t\t\t\t<div class=\"elementor-element elementor-element-4154664 elementor-align-center elementor-widget elementor-widget-button\" data-id=\"4154664\" data-element_type=\"widget\" data-widget_type=\"button.default\">\n\t\t\t\t<div class=\"elementor-widget-container\">\n\t\t\t\t\t<div class=\"elementor-button-wrapper\">\n\t\t\t<a href=\"https:\/\/admision.uta.cl\/index.php\/ingresos-especiales-2\/\" class=\"elementor-button-link elementor-button elementor-size-xs\" role=\"button\">\n\t\t\t\t\t\t<span class=\"elementor-button-content-wrapper\">\n\t\t\t\t\t\t<span class=\"elementor-button-text\">Ingresos Especiales<\/span>\n\t\t<\/span>\n\t\t\t\t\t<\/a>\n\t\t<\/div>\n\t\t\t\t<\/div>\n\t\t\t\t<\/div>\n\t\t\t\t\t\t<\/div>\n\t\t\t\t\t<\/div>\n\t\t<\/div>\n\t\t\t\t<div class=\"elementor-column elementor-col-25 elementor-inner-column elementor-element elementor-element-6dc4dd5\" data-id=\"6dc4dd5\" data-element_type=\"column\">\n\t\t\t<div class=\"elementor-column-wrap elementor-element-populated\">\n\t\t\t\t\t\t\t<div class=\"elementor-widget-wrap\">\n\t\t\t\t\t\t<div class=\"elementor-element elementor-element-503cf16 elementor-align-center elementor-widget elementor-widget-button\" data-id=\"503cf16\" data-element_type=\"widget\" data-widget_type=\"button.default\">\n\t\t\t\t<div class=\"elementor-widget-container\">\n\t\t\t\t\t<div class=\"elementor-button-wrapper\">\n\t\t\t<a href=\"https:\/\/admision.uta.cl\/index.php\/carreras-vespertinas\/\" class=\"elementor-button-link elementor-button elementor-size-xs\" role=\"button\">\n\t\t\t\t\t\t<span class=\"elementor-button-content-wrapper\">\n\t\t\t\t\t\t<span class=\"elementor-button-text\">Carreras Vespertinas<\/span>\n\t\t<\/span>\n\t\t\t\t\t<\/a>\n\t\t<\/div>\n\t\t\t\t<\/div>\n\t\t\t\t<\/div>\n\t\t\t\t\t\t<\/div>\n\t\t\t\t\t<\/div>\n\t\t<\/div>\n\t\t\t\t\t\t\t\t<\/div>\n\t\t\t\t\t<\/div>\n\t\t<\/section>\n\t\t\t\t\t\t<\/div>\n\t\t\t\t\t<\/div>\n\t\t<\/div>\n\t\t\t\t\t\t\t\t<\/div>\n\t\t\t\t\t<\/div>\n\t\t<\/section>\n\t\t\t\t<section class=\"elementor-section elementor-top-section elementor-element elementor-element-1de56bb elementor-section-boxed elementor-section-height-default elementor-section-height-default\" data-id=\"1de56bb\" data-element_type=\"section\">\n\t\t\t\t\t\t<div class=\"elementor-container elementor-column-gap-default\">\n\t\t\t\t\t\t\t<div class=\"elementor-row\">\n\t\t\t\t\t<div class=\"elementor-column elementor-col-100 elementor-top-column elementor-element elementor-element-0404ad1\" data-id=\"0404ad1\" data-element_type=\"column\">\n\t\t\t<div class=\"elementor-column-wrap elementor-element-populated\">\n\t\t\t\t\t\t\t<div class=\"elementor-widget-wrap\">\n\t\t\t\t\t\t<div class=\"elementor-element elementor-element-7b84a99 elementor-widget elementor-widget-heading\" data-id=\"7b84a99\" data-element_type=\"widget\" data-widget_type=\"heading.default\">\n\t\t\t\t<div class=\"elementor-widget-container\">\n\t\t\t<h2 class=\"elementor-heading-title elementor-size-default\">CARRERA<b> VESPERTINA<\/b><\/h2>\t\t<\/div>\n\t\t\t\t<\/div>\n\t\t\t\t<div class=\"elementor-element elementor-element-9af5a61 elementor-widget elementor-widget-heading\" data-id=\"9af5a61\" data-element_type=\"widget\" data-widget_type=\"heading.default\">\n\t\t\t\t<div class=\"elementor-widget-container\">\n\t\t\t<h2 class=\"elementor-heading-title elementor-size-default\">*Sin admisi\u00f3n 2026<\/h2>\t\t<\/div>\n\t\t\t\t<\/div>\n\t\t\t\t<div class=\"elementor-element elementor-element-e0e9a99 elementor-widget elementor-widget-heading\" data-id=\"e0e9a99\" data-element_type=\"widget\" data-widget_type=\"heading.default\">\n\t\t\t\t<div class=\"elementor-widget-container\">\n\t\t\t<h2 class=\"elementor-heading-title elementor-size-default\">INGENIER\u00cdA EN <b>CIENCIA DE DATOS<\/b><\/h2>\t\t<\/div>\n\t\t\t\t<\/div>\n\t\t\t\t\t\t<\/div>\n\t\t\t\t\t<\/div>\n\t\t<\/div>\n\t\t\t\t\t\t\t\t<\/div>\n\t\t\t\t\t<\/div>\n\t\t<\/section>\n\t\t\t\t<section class=\"elementor-section elementor-top-section elementor-element elementor-element-0f8c043 elementor-section-boxed elementor-section-height-default elementor-section-height-default\" data-id=\"0f8c043\" data-element_type=\"section\">\n\t\t\t\t\t\t<div class=\"elementor-container elementor-column-gap-default\">\n\t\t\t\t\t\t\t<div class=\"elementor-row\">\n\t\t\t\t\t<div class=\"elementor-column elementor-col-100 elementor-top-column elementor-element elementor-element-aa546f6\" data-id=\"aa546f6\" data-element_type=\"column\">\n\t\t\t<div class=\"elementor-column-wrap elementor-element-populated\">\n\t\t\t\t\t\t\t<div class=\"elementor-widget-wrap\">\n\t\t\t\t\t\t<div class=\"elementor-element elementor-element-73fceee elementor-widget-divider--view-line elementor-widget elementor-widget-divider\" data-id=\"73fceee\" data-element_type=\"widget\" data-widget_type=\"divider.default\">\n\t\t\t\t<div class=\"elementor-widget-container\">\n\t\t\t\t\t<div class=\"elementor-divider\">\n\t\t\t<span class=\"elementor-divider-separator\">\n\t\t\t\t\t\t<\/span>\n\t\t<\/div>\n\t\t\t\t<\/div>\n\t\t\t\t<\/div>\n\t\t\t\t\t\t<\/div>\n\t\t\t\t\t<\/div>\n\t\t<\/div>\n\t\t\t\t\t\t\t\t<\/div>\n\t\t\t\t\t<\/div>\n\t\t<\/section>\n\t\t\t\t<section class=\"elementor-section elementor-top-section elementor-element elementor-element-f95c620 elementor-section-boxed elementor-section-height-default elementor-section-height-default\" data-id=\"f95c620\" data-element_type=\"section\">\n\t\t\t\t\t\t<div class=\"elementor-container elementor-column-gap-default\">\n\t\t\t\t\t\t\t<div class=\"elementor-row\">\n\t\t\t\t\t<div class=\"elementor-column elementor-col-100 elementor-top-column elementor-element elementor-element-5c1df1c\" data-id=\"5c1df1c\" data-element_type=\"column\">\n\t\t\t<div class=\"elementor-column-wrap elementor-element-populated\">\n\t\t\t\t\t\t\t<div class=\"elementor-widget-wrap\">\n\t\t\t\t\t\t<div class=\"elementor-element elementor-element-62ac12a elementor-widget elementor-widget-text-editor\" data-id=\"62ac12a\" data-element_type=\"widget\" data-widget_type=\"text-editor.default\">\n\t\t\t\t<div class=\"elementor-widget-container\">\n\t\t\t\t\t<div class=\"elementor-text-editor elementor-clearfix\"><b><span style=\"font-family: 'Arial Narrow','sans-serif'; color: #f79646;\">T\u00cdTULO: <\/span><\/b><span style=\"font-family: 'Arial Narrow','sans-serif';\">INGENIERO(A) EN CIENCIA DE DATOS<\/span>\n\n<b><span style=\"font-family: 'Arial Narrow','sans-serif'; color: #f79646;\">GRADO ACAD\u00c9MICO<\/span><\/b><span style=\"font-family: 'Arial Narrow','sans-serif';\">: SIN GRADO ACAD\u00c9MICO<\/span>\n\n<b><span style=\"font-family: 'Arial Narrow','sans-serif'; color: #f79646;\">DURACI\u00d3N: <\/span><\/b><span style=\"font-family: 'Arial Narrow','sans-serif';\">08 SEMESTRES<\/span>\n\n<b><span style=\"font-family: 'Arial Narrow','sans-serif'; color: #f79646;\">VACANTES: <\/span><\/b><span style=\"font-family: 'Arial Narrow','sans-serif';\">35 VACANTES<\/span>\n\n<span style=\"font-family: 'Arial Narrow','sans-serif';\"><strong><span style=\"color: #ff9900;\">ARANCEL B\u00c1SICO:<\/span><\/strong> $188.000\n<\/span>\n\n<span style=\"font-weight: bold;\"><span style=\"font-family: 'Arial Narrow', 'sans-serif'; color: #f79646;\">ARANCEL CARRERA 2023:\u00a0<\/span><\/span><span style=\"font-family: 'Arial Narrow', 'sans-serif';\">$ 4.115.000<\/span><span style=\"font-family: 'Arial Narrow','sans-serif';\">\n<\/span>\n\n<b><span style=\"font-family: 'Arial Narrow','sans-serif'; color: #f79646;\">REQUISITOS DE INGRESOS<\/span><\/b><span style=\"font-family: 'Arial Narrow','sans-serif';\">: LICENCIA DE EDUCACI\u00d3N MEDIA<\/span>\n\n<b><span style=\"font-family: 'Arial Narrow','sans-serif'; color: #f79646;\">SEDE<\/span><\/b><span style=\"font-family: 'Arial Narrow','sans-serif';\">: ARICA<\/span><\/div>\n\t\t\t\t<\/div>\n\t\t\t\t<\/div>\n\t\t\t\t<div class=\"elementor-element elementor-element-12c31dd elementor-widget elementor-widget-text-editor\" data-id=\"12c31dd\" data-element_type=\"widget\" data-widget_type=\"text-editor.default\">\n\t\t\t\t<div class=\"elementor-widget-container\">\n\t\t\t\t\t<div class=\"elementor-text-editor elementor-clearfix\"><p class=\"western\"><span style=\"color: #f79646;\"><span style=\"font-family: Arial Narrow, serif;\"><span lang=\"es-ES-u-co-trad\"><b>PERFIL DE EGRESO<\/b><\/span><\/span><\/span><\/p><\/div>\n\t\t\t\t<\/div>\n\t\t\t\t<\/div>\n\t\t\t\t<div class=\"elementor-element elementor-element-7d4edd1 elementor-widget elementor-widget-text-editor\" data-id=\"7d4edd1\" data-element_type=\"widget\" data-widget_type=\"text-editor.default\">\n\t\t\t\t<div class=\"elementor-widget-container\">\n\t\t\t\t\t<div class=\"elementor-text-editor elementor-clearfix\"><p>El Ingeniero en Ciencia de Datos de la Universidad de Tarapac\u00e1 es un profesional comprometido con desarrollo de su regi\u00f3n a trav\u00e9s del conocimiento adquirido que permita proponer soluciones innovadoras y de calidad que mejoren las condiciones tecnol\u00f3gicas, inform\u00e1ticas y gesti\u00f3n de datos en organizaciones, habilidades cruciales para entidades p\u00fablicas y privadas que enfrenten exitosamente desaf\u00edos del siglo XXI.<\/p><p>El Ingeniero en Ciencia de Datos de la Universidad de Tarapac\u00e1 es un profesional competente en trabajar con datos de una variedad de fuentes y formatos utilizando t\u00e9cnicas estad\u00edsticas y de inteligencia artificial para resolver problemas del mundo real. Evaluar la calidad de los datos y mantener la integridad, seguridad y privacidad de los datos y comunicar de manera efectiva los resultados de los an\u00e1lisis de datos a una audiencia no t\u00e9cnica.<\/p><p>En resumen, el egresado resuelve problemas de su disciplina, con una s\u00f3lida formaci\u00f3n de base tecnol\u00f3gica que le permite concebir y gestionar proyectos de ciencia de datos para entregar soluciones a los problemas del mundo real. Adem\u00e1s, posee conocimiento en ciencias b\u00e1sicas (matem\u00e1tica, algoritmia), ingenier\u00eda aplicada (fundamentos de big data, procesamiento de datos, machine learning, seguridad de informaci\u00f3n, visualizaci\u00f3n de datos) y ciencias humanas y sociales (taller de comunicaci\u00f3n oral y escrita, sistemas econ\u00f3micos, responsabilidad en el uso de datos), lo que le permite el desarrollo de las siguientes competencias:<\/p><p><strong>\u00c1mbito de An\u00e1lisis de Datos:<\/strong><\/p><ul><li>Concibe y gestiona proyectos de ingenier\u00eda en datos para entregar soluciones a los problemas del mundo real, aplicando un enfoque sist\u00e9mico. \uf0b7 Analiza problemas tecnol\u00f3gicos, econ\u00f3micos y comerciales y aplica el conocimiento de la ingenier\u00eda de datos para brindar soluciones efectivas y eficientes a organizaciones del sector p\u00fablico y privado<\/li><li>Demuestra un amplio conocimiento de las responsabilidades profesionales relacionadas con el uso de t\u00e9cnicas de ingenier\u00eda de datos en organizaciones.<\/li><\/ul><p><strong>\u00c1mbito de Gesti\u00f3n de Proyectos en Ciencia de Datos:<\/strong><\/p><ul><li>Eval\u00faa la calidad de los datos para mantener la integridad, seguridad y privacidad de la informaci\u00f3n en la organizaci\u00f3n.<\/li><li>Aplica metodolog\u00edas de procesamiento de datos para a la construcci\u00f3n de modelos predictivos que generen valor a las organizaciones.<\/li><li>Comunica de manera efectiva los resultados de los an\u00e1lisis de datos para una audiencia con conocimientos t\u00e9cnicos y no t\u00e9cnicos explicando los resultados generados.<\/li><\/ul><\/div>\n\t\t\t\t<\/div>\n\t\t\t\t<\/div>\n\t\t\t\t<div class=\"elementor-element elementor-element-63dc36b elementor-widget elementor-widget-image\" data-id=\"63dc36b\" data-element_type=\"widget\" data-widget_type=\"image.default\">\n\t\t\t\t<div class=\"elementor-widget-container\">\n\t\t\t\t\t<div class=\"elementor-image\">\n\t\t\t\t\t\t\t<figure class=\"wp-caption\">\n\t\t\t\t\t\t\t\t\t\t<img loading=\"lazy\" width=\"1024\" height=\"670\" src=\"https:\/\/admision.uta.cl\/wp-content\/uploads\/2023\/10\/diptico-carrera-VESPERTINA-Ingenieria-en-Ciencia-de-Datos-1024x670.png\" class=\"attachment-large size-large\" alt=\"\" decoding=\"async\" srcset=\"https:\/\/admision.uta.cl\/wp-content\/uploads\/2023\/10\/diptico-carrera-VESPERTINA-Ingenieria-en-Ciencia-de-Datos-1024x670.png 1024w, https:\/\/admision.uta.cl\/wp-content\/uploads\/2023\/10\/diptico-carrera-VESPERTINA-Ingenieria-en-Ciencia-de-Datos-300x196.png 300w, https:\/\/admision.uta.cl\/wp-content\/uploads\/2023\/10\/diptico-carrera-VESPERTINA-Ingenieria-en-Ciencia-de-Datos-768x502.png 768w, https:\/\/admision.uta.cl\/wp-content\/uploads\/2023\/10\/diptico-carrera-VESPERTINA-Ingenieria-en-Ciencia-de-Datos-1536x1004.png 1536w, https:\/\/admision.uta.cl\/wp-content\/uploads\/2023\/10\/diptico-carrera-VESPERTINA-Ingenieria-en-Ciencia-de-Datos-2048x1339.png 2048w\" sizes=\"(max-width: 1024px) 100vw, 1024px\" \/>\t\t\t\t\t\t\t\t\t\t\t<figcaption class=\"widget-image-caption wp-caption-text\">PLAN DE ESTUDIO INGENIER\u00cdA EN CIENCIA DE DATOS<\/figcaption>\n\t\t\t\t\t\t\t\t\t\t<\/figure>\n\t\t\t\t\t<\/div>\n\t\t\t\t<\/div>\n\t\t\t\t<\/div>\n\t\t\t\t\t\t<\/div>\n\t\t\t\t\t<\/div>\n\t\t<\/div>\n\t\t\t\t\t\t\t\t<\/div>\n\t\t\t\t\t<\/div>\n\t\t<\/section>\n\t\t\t\t<section class=\"elementor-section elementor-top-section elementor-element elementor-element-443f342 elementor-section-boxed elementor-section-height-default elementor-section-height-default\" data-id=\"443f342\" data-element_type=\"section\">\n\t\t\t\t\t\t<div class=\"elementor-container elementor-column-gap-default\">\n\t\t\t\t\t\t\t<div class=\"elementor-row\">\n\t\t\t\t\t<div class=\"elementor-column elementor-col-50 elementor-top-column elementor-element elementor-element-063ce6d\" data-id=\"063ce6d\" data-element_type=\"column\">\n\t\t\t<div class=\"elementor-column-wrap elementor-element-populated\">\n\t\t\t\t\t\t\t<div class=\"elementor-widget-wrap\">\n\t\t\t\t\t\t<div class=\"elementor-element elementor-element-7c7e756 elementor-align-center elementor-widget elementor-widget-button\" data-id=\"7c7e756\" data-element_type=\"widget\" data-widget_type=\"button.default\">\n\t\t\t\t<div class=\"elementor-widget-container\">\n\t\t\t\t\t<div class=\"elementor-button-wrapper\">\n\t\t\t<a href=\"https:\/\/www.youtube.com\/watch?v=oQqCBjphO1c&#038;list=PLTBcF4TvRv8nGpPzN8zSdsehkoz8ZPN0M&#038;index=18&#038;t=332s\" target=\"_blank\" class=\"elementor-button-link elementor-button elementor-size-md\" role=\"button\">\n\t\t\t\t\t\t<span class=\"elementor-button-content-wrapper\">\n\t\t\t\t\t\t<span class=\"elementor-button-icon elementor-align-icon-left\">\n\t\t\t\t<i aria-hidden=\"true\" class=\"fas fa-video\"><\/i>\t\t\t<\/span>\n\t\t\t\t\t\t<span class=\"elementor-button-text\">VIDEO INFORMATIVO DE LA CARRERA - ADMISION 2022<\/span>\n\t\t<\/span>\n\t\t\t\t\t<\/a>\n\t\t<\/div>\n\t\t\t\t<\/div>\n\t\t\t\t<\/div>\n\t\t\t\t\t\t<\/div>\n\t\t\t\t\t<\/div>\n\t\t<\/div>\n\t\t\t\t<div class=\"elementor-column elementor-col-50 elementor-top-column elementor-element elementor-element-cd29d99\" data-id=\"cd29d99\" data-element_type=\"column\">\n\t\t\t<div class=\"elementor-column-wrap elementor-element-populated\">\n\t\t\t\t\t\t\t<div class=\"elementor-widget-wrap\">\n\t\t\t\t\t\t<div class=\"elementor-element elementor-element-6577ae2 elementor-align-center elementor-widget elementor-widget-button\" data-id=\"6577ae2\" data-element_type=\"widget\" data-widget_type=\"button.default\">\n\t\t\t\t<div class=\"elementor-widget-container\">\n\t\t\t\t\t<div class=\"elementor-button-wrapper\">\n\t\t\t<a href=\"https:\/\/nsisaca.uta.cl\/wwwadmision\/public\/postulacion\/postular\/index\" target=\"_blank\" class=\"elementor-button-link elementor-button elementor-size-md\" role=\"button\">\n\t\t\t\t\t\t<span class=\"elementor-button-content-wrapper\">\n\t\t\t\t\t\t<span class=\"elementor-button-icon elementor-align-icon-left\">\n\t\t\t\t<i aria-hidden=\"true\" class=\"far fa-edit\"><\/i>\t\t\t<\/span>\n\t\t\t\t\t\t<span class=\"elementor-button-text\">POSTULA AQU\u00cd A INGENIER\u00cdA EN CIENCIA DE DATOS<\/span>\n\t\t<\/span>\n\t\t\t\t\t<\/a>\n\t\t<\/div>\n\t\t\t\t<\/div>\n\t\t\t\t<\/div>\n\t\t\t\t\t\t<\/div>\n\t\t\t\t\t<\/div>\n\t\t<\/div>\n\t\t\t\t\t\t\t\t<\/div>\n\t\t\t\t\t<\/div>\n\t\t<\/section>\n\t\t\t\t\t\t<\/div>\n\t\t\t\t\t\t<\/div>\n\t\t\t\t\t<\/div>\n\t\t","protected":false},"excerpt":{"rendered":"<p>Inicio Ingreso regular PTU Ingresos Especiales Carreras Vespertinas CARRERA VESPERTINA *Sin admisi\u00f3n 2026 INGENIER\u00cdA EN CIENCIA DE DATOS T\u00cdTULO: INGENIERO(A) EN CIENCIA DE DATOS GRADO ACAD\u00c9MICO: SIN GRADO ACAD\u00c9MICO DURACI\u00d3N: 08 SEMESTRES VACANTES: 35 VACANTES ARANCEL B\u00c1SICO: $188.000 ARANCEL CARRERA 2023:\u00a0$ 4.115.000 REQUISITOS DE INGRESOS: LICENCIA DE EDUCACI\u00d3N MEDIA SEDE: ARICA PERFIL DE EGRESO El [&hellip;]<\/p>\n","protected":false},"author":5,"featured_media":0,"parent":0,"menu_order":0,"comment_status":"closed","ping_status":"closed","template":"","meta":{"footnotes":""},"_links":{"self":[{"href":"https:\/\/admision.uta.cl\/index.php\/wp-json\/wp\/v2\/pages\/5003"}],"collection":[{"href":"https:\/\/admision.uta.cl\/index.php\/wp-json\/wp\/v2\/pages"}],"about":[{"href":"https:\/\/admision.uta.cl\/index.php\/wp-json\/wp\/v2\/types\/page"}],"author":[{"embeddable":true,"href":"https:\/\/admision.uta.cl\/index.php\/wp-json\/wp\/v2\/users\/5"}],"replies":[{"embeddable":true,"href":"https:\/\/admision.uta.cl\/index.php\/wp-json\/wp\/v2\/comments?post=5003"}],"version-history":[{"count":73,"href":"https:\/\/admision.uta.cl\/index.php\/wp-json\/wp\/v2\/pages\/5003\/revisions"}],"predecessor-version":[{"id":26429,"href":"https:\/\/admision.uta.cl\/index.php\/wp-json\/wp\/v2\/pages\/5003\/revisions\/26429"}],"wp:attachment":[{"href":"https:\/\/admision.uta.cl\/index.php\/wp-json\/wp\/v2\/media?parent=5003"}],"curies":[{"name":"wp","href":"https:\/\/api.w.org\/{rel}","templated":true}]}}