{"id":5551,"date":"2021-12-23T11:50:13","date_gmt":"2021-12-23T15:50:13","guid":{"rendered":"https:\/\/admision.uta.cl\/?page_id=5551"},"modified":"2025-11-26T12:53:59","modified_gmt":"2025-11-26T16:53:59","slug":"ingreso-especial-cft-externo","status":"publish","type":"page","link":"https:\/\/admision.uta.cl\/index.php\/ingreso-especial-cft-externo\/","title":{"rendered":"Ingreso Especial &#8211; CFT EXTERNO"},"content":{"rendered":"\t\t<div data-elementor-type=\"wp-page\" data-elementor-id=\"5551\" class=\"elementor elementor-5551\" data-elementor-settings=\"[]\">\n\t\t\t\t\t\t<div class=\"elementor-inner\">\n\t\t\t\t\t\t\t<div class=\"elementor-section-wrap\">\n\t\t\t\t\t\t\t<section class=\"elementor-section elementor-top-section elementor-element elementor-element-1057b48 elementor-section-boxed elementor-section-height-default elementor-section-height-default\" data-id=\"1057b48\" data-element_type=\"section\">\n\t\t\t\t\t\t<div class=\"elementor-container elementor-column-gap-default\">\n\t\t\t\t\t\t\t<div class=\"elementor-row\">\n\t\t\t\t\t<div class=\"elementor-column elementor-col-100 elementor-top-column elementor-element elementor-element-bbfd644\" data-id=\"bbfd644\" data-element_type=\"column\">\n\t\t\t<div class=\"elementor-column-wrap elementor-element-populated\">\n\t\t\t\t\t\t\t<div class=\"elementor-widget-wrap\">\n\t\t\t\t\t\t<section class=\"elementor-section elementor-inner-section elementor-element elementor-element-107be71 elementor-section-boxed elementor-section-height-default elementor-section-height-default\" data-id=\"107be71\" data-element_type=\"section\">\n\t\t\t\t\t\t<div class=\"elementor-container elementor-column-gap-no\">\n\t\t\t\t\t\t\t<div class=\"elementor-row\">\n\t\t\t\t\t<div class=\"elementor-column elementor-col-25 elementor-inner-column elementor-element elementor-element-0e30ed0\" data-id=\"0e30ed0\" data-element_type=\"column\">\n\t\t\t<div class=\"elementor-column-wrap elementor-element-populated\">\n\t\t\t\t\t\t\t<div class=\"elementor-widget-wrap\">\n\t\t\t\t\t\t<div class=\"elementor-element elementor-element-941020b elementor-align-center elementor-widget elementor-widget-button\" data-id=\"941020b\" data-element_type=\"widget\" data-widget_type=\"button.default\">\n\t\t\t\t<div class=\"elementor-widget-container\">\n\t\t\t\t\t<div class=\"elementor-button-wrapper\">\n\t\t\t<a href=\"https:\/\/admision.uta.cl\/\" class=\"elementor-button-link elementor-button elementor-size-xs\" role=\"button\">\n\t\t\t\t\t\t<span class=\"elementor-button-content-wrapper\">\n\t\t\t\t\t\t<span class=\"elementor-button-text\">Inicio<\/span>\n\t\t<\/span>\n\t\t\t\t\t<\/a>\n\t\t<\/div>\n\t\t\t\t<\/div>\n\t\t\t\t<\/div>\n\t\t\t\t\t\t<\/div>\n\t\t\t\t\t<\/div>\n\t\t<\/div>\n\t\t\t\t<div class=\"elementor-column elementor-col-25 elementor-inner-column elementor-element elementor-element-f9edb6c\" data-id=\"f9edb6c\" data-element_type=\"column\">\n\t\t\t<div class=\"elementor-column-wrap elementor-element-populated\">\n\t\t\t\t\t\t\t<div class=\"elementor-widget-wrap\">\n\t\t\t\t\t\t<div class=\"elementor-element elementor-element-0aac945 elementor-align-center elementor-widget elementor-widget-button\" data-id=\"0aac945\" data-element_type=\"widget\" data-widget_type=\"button.default\">\n\t\t\t\t<div class=\"elementor-widget-container\">\n\t\t\t\t\t<div class=\"elementor-button-wrapper\">\n\t\t\t<a href=\"https:\/\/admision.uta.cl\/#proceso-admision\" class=\"elementor-button-link elementor-button elementor-size-xs\" role=\"button\">\n\t\t\t\t\t\t<span class=\"elementor-button-content-wrapper\">\n\t\t\t\t\t\t<span class=\"elementor-button-text\">Ingreso regular PTU<\/span>\n\t\t<\/span>\n\t\t\t\t\t<\/a>\n\t\t<\/div>\n\t\t\t\t<\/div>\n\t\t\t\t<\/div>\n\t\t\t\t\t\t<\/div>\n\t\t\t\t\t<\/div>\n\t\t<\/div>\n\t\t\t\t<div class=\"elementor-column elementor-col-25 elementor-inner-column elementor-element elementor-element-7d6aebb\" data-id=\"7d6aebb\" data-element_type=\"column\">\n\t\t\t<div class=\"elementor-column-wrap elementor-element-populated\">\n\t\t\t\t\t\t\t<div class=\"elementor-widget-wrap\">\n\t\t\t\t\t\t<div class=\"elementor-element elementor-element-4154664 elementor-align-center elementor-widget elementor-widget-button\" data-id=\"4154664\" data-element_type=\"widget\" data-widget_type=\"button.default\">\n\t\t\t\t<div class=\"elementor-widget-container\">\n\t\t\t\t\t<div class=\"elementor-button-wrapper\">\n\t\t\t<a href=\"https:\/\/admision.uta.cl\/index.php\/ingresos-especiales-2\/\" class=\"elementor-button-link elementor-button elementor-size-xs\" role=\"button\">\n\t\t\t\t\t\t<span class=\"elementor-button-content-wrapper\">\n\t\t\t\t\t\t<span class=\"elementor-button-text\">Ingresos Especiales<\/span>\n\t\t<\/span>\n\t\t\t\t\t<\/a>\n\t\t<\/div>\n\t\t\t\t<\/div>\n\t\t\t\t<\/div>\n\t\t\t\t\t\t<\/div>\n\t\t\t\t\t<\/div>\n\t\t<\/div>\n\t\t\t\t<div class=\"elementor-column elementor-col-25 elementor-inner-column elementor-element elementor-element-6dc4dd5\" data-id=\"6dc4dd5\" data-element_type=\"column\">\n\t\t\t<div class=\"elementor-column-wrap elementor-element-populated\">\n\t\t\t\t\t\t\t<div class=\"elementor-widget-wrap\">\n\t\t\t\t\t\t<div class=\"elementor-element elementor-element-503cf16 elementor-align-center elementor-widget elementor-widget-button\" data-id=\"503cf16\" data-element_type=\"widget\" data-widget_type=\"button.default\">\n\t\t\t\t<div class=\"elementor-widget-container\">\n\t\t\t\t\t<div class=\"elementor-button-wrapper\">\n\t\t\t<a href=\"https:\/\/admision.uta.cl\/index.php\/carreras-vespertinas\/\" class=\"elementor-button-link elementor-button elementor-size-xs\" role=\"button\">\n\t\t\t\t\t\t<span class=\"elementor-button-content-wrapper\">\n\t\t\t\t\t\t<span class=\"elementor-button-text\">Carreras Vespertinas<\/span>\n\t\t<\/span>\n\t\t\t\t\t<\/a>\n\t\t<\/div>\n\t\t\t\t<\/div>\n\t\t\t\t<\/div>\n\t\t\t\t\t\t<\/div>\n\t\t\t\t\t<\/div>\n\t\t<\/div>\n\t\t\t\t\t\t\t\t<\/div>\n\t\t\t\t\t<\/div>\n\t\t<\/section>\n\t\t\t\t\t\t<\/div>\n\t\t\t\t\t<\/div>\n\t\t<\/div>\n\t\t\t\t\t\t\t\t<\/div>\n\t\t\t\t\t<\/div>\n\t\t<\/section>\n\t\t\t\t<section class=\"elementor-section elementor-top-section elementor-element elementor-element-1de56bb elementor-section-boxed elementor-section-height-default elementor-section-height-default\" data-id=\"1de56bb\" data-element_type=\"section\">\n\t\t\t\t\t\t<div class=\"elementor-container elementor-column-gap-default\">\n\t\t\t\t\t\t\t<div class=\"elementor-row\">\n\t\t\t\t\t<div class=\"elementor-column elementor-col-100 elementor-top-column elementor-element elementor-element-0404ad1\" data-id=\"0404ad1\" data-element_type=\"column\">\n\t\t\t<div class=\"elementor-column-wrap elementor-element-populated\">\n\t\t\t\t\t\t\t<div class=\"elementor-widget-wrap\">\n\t\t\t\t\t\t<div class=\"elementor-element elementor-element-7b84a99 elementor-widget elementor-widget-heading\" data-id=\"7b84a99\" data-element_type=\"widget\" data-widget_type=\"heading.default\">\n\t\t\t\t<div class=\"elementor-widget-container\">\n\t\t\t<h2 class=\"elementor-heading-title elementor-size-default\">INGRESO<b> ESPECIAL<\/b><\/h2>\t\t<\/div>\n\t\t\t\t<\/div>\n\t\t\t\t<div class=\"elementor-element elementor-element-e0e9a99 elementor-widget elementor-widget-heading\" data-id=\"e0e9a99\" data-element_type=\"widget\" data-widget_type=\"heading.default\">\n\t\t\t\t<div class=\"elementor-widget-container\">\n\t\t\t<h2 class=\"elementor-heading-title elementor-size-default\">POSTULANTES CON T\u00cdTULO TNS<br> <b>CFT EXTERNO<\/b><\/h2>\t\t<\/div>\n\t\t\t\t<\/div>\n\t\t\t\t\t\t<\/div>\n\t\t\t\t\t<\/div>\n\t\t<\/div>\n\t\t\t\t\t\t\t\t<\/div>\n\t\t\t\t\t<\/div>\n\t\t<\/section>\n\t\t\t\t<section class=\"elementor-section elementor-top-section elementor-element elementor-element-0f8c043 elementor-section-boxed elementor-section-height-default elementor-section-height-default\" data-id=\"0f8c043\" data-element_type=\"section\">\n\t\t\t\t\t\t<div class=\"elementor-container elementor-column-gap-default\">\n\t\t\t\t\t\t\t<div class=\"elementor-row\">\n\t\t\t\t\t<div class=\"elementor-column elementor-col-100 elementor-top-column elementor-element elementor-element-aa546f6\" data-id=\"aa546f6\" data-element_type=\"column\">\n\t\t\t<div class=\"elementor-column-wrap elementor-element-populated\">\n\t\t\t\t\t\t\t<div class=\"elementor-widget-wrap\">\n\t\t\t\t\t\t<div class=\"elementor-element elementor-element-73fceee elementor-widget-divider--view-line elementor-widget elementor-widget-divider\" data-id=\"73fceee\" data-element_type=\"widget\" data-widget_type=\"divider.default\">\n\t\t\t\t<div class=\"elementor-widget-container\">\n\t\t\t\t\t<div class=\"elementor-divider\">\n\t\t\t<span class=\"elementor-divider-separator\">\n\t\t\t\t\t\t<\/span>\n\t\t<\/div>\n\t\t\t\t<\/div>\n\t\t\t\t<\/div>\n\t\t\t\t\t\t<\/div>\n\t\t\t\t\t<\/div>\n\t\t<\/div>\n\t\t\t\t\t\t\t\t<\/div>\n\t\t\t\t\t<\/div>\n\t\t<\/section>\n\t\t\t\t<section class=\"elementor-section elementor-top-section elementor-element elementor-element-f95c620 elementor-section-boxed elementor-section-height-default elementor-section-height-default\" data-id=\"f95c620\" data-element_type=\"section\">\n\t\t\t\t\t\t<div class=\"elementor-container elementor-column-gap-default\">\n\t\t\t\t\t\t\t<div class=\"elementor-row\">\n\t\t\t\t\t<div class=\"elementor-column elementor-col-100 elementor-top-column elementor-element elementor-element-5c1df1c\" data-id=\"5c1df1c\" data-element_type=\"column\">\n\t\t\t<div class=\"elementor-column-wrap elementor-element-populated\">\n\t\t\t\t\t\t\t<div class=\"elementor-widget-wrap\">\n\t\t\t\t\t\t<div class=\"elementor-element elementor-element-7741bf9 elementor-widget elementor-widget-text-editor\" data-id=\"7741bf9\" data-element_type=\"widget\" data-widget_type=\"text-editor.default\">\n\t\t\t\t<div class=\"elementor-widget-container\">\n\t\t\t\t\t<div class=\"elementor-text-editor elementor-clearfix\"><p>Postulantes que est\u00e9n en posesi\u00f3n de un T\u00edtulo T\u00e9cnico Nivel Superior, otorgado por un Centro de Formaci\u00f3n T\u00e9cnica, Instituci\u00f3n de Ense\u00f1anza Superior nacional o extranjera&nbsp; y tengan inter\u00e9s por seguir una carrera en esta Universidad.<\/p>\n<p><strong>Requisitos:<\/strong><\/p>\n<ul>\n<li>El postulante debe estar en posesi\u00f3n de un T\u00edtulo T\u00e9cnico de Nivel Superior.<\/li>\n<li>Postular en la p\u00e1gina de Admisi\u00f3n <strong><em><a href=\"https:\/\/admision.uta.cl\">https:\/\/admision.uta.cl<\/a><\/em><\/strong>.&nbsp;<\/li>\n<li>Podr\u00e1 postular hasta 2 carreras, (exceptuando la carrera de Medicina), siempre y cuando as\u00ed lo permitan las vacantes disponibles para el periodo de admisi\u00f3n vigente.<\/li>\n<\/ul>\n<p><strong>&nbsp;Documentos Solicitados<\/strong><\/p>\n<ul>\n<li>Certificado de nacimiento.<\/li>\n<li>Fotocopia C\u00e9dula de Identidad.<\/li>\n<li>Certificado de T\u00edtulo TNS con Nota de Egreso. El T\u00edtulo o Grado Acad\u00e9mico deber\u00e1 ser del \u00e1rea de conocimiento de la carrera que se desee.<\/li><li>El t\u00edtulo debe contar con c\u00f3digo de verificaci\u00f3n, c\u00f3digo QR o legalizado ante notario.<\/li>\n<li>Certificado de Concentraci\u00f3n de Notas de la carrera en la que se titul\u00f3.<\/li>\n<li>Los documentos emitidos en el extranjero deben ser debidamente apostillados.<\/li>\n<\/ul><\/div>\n\t\t\t\t<\/div>\n\t\t\t\t<\/div>\n\t\t\t\t\t\t<\/div>\n\t\t\t\t\t<\/div>\n\t\t<\/div>\n\t\t\t\t\t\t\t\t<\/div>\n\t\t\t\t\t<\/div>\n\t\t<\/section>\n\t\t\t\t\t\t<\/div>\n\t\t\t\t\t\t<\/div>\n\t\t\t\t\t<\/div>\n\t\t","protected":false},"excerpt":{"rendered":"<p>Inicio Ingreso regular PTU Ingresos Especiales Carreras Vespertinas INGRESO ESPECIAL POSTULANTES CON T\u00cdTULO TNS CFT EXTERNO Postulantes que est\u00e9n en posesi\u00f3n de un T\u00edtulo T\u00e9cnico Nivel Superior, otorgado por un Centro de Formaci\u00f3n T\u00e9cnica, Instituci\u00f3n de Ense\u00f1anza Superior nacional o extranjera&nbsp; y tengan inter\u00e9s por seguir una carrera en esta Universidad. Requisitos: El postulante debe [&hellip;]<\/p>\n","protected":false},"author":5,"featured_media":0,"parent":0,"menu_order":0,"comment_status":"closed","ping_status":"closed","template":"elementor_header_footer","meta":{"footnotes":""},"_links":{"self":[{"href":"https:\/\/admision.uta.cl\/index.php\/wp-json\/wp\/v2\/pages\/5551"}],"collection":[{"href":"https:\/\/admision.uta.cl\/index.php\/wp-json\/wp\/v2\/pages"}],"about":[{"href":"https:\/\/admision.uta.cl\/index.php\/wp-json\/wp\/v2\/types\/page"}],"author":[{"embeddable":true,"href":"https:\/\/admision.uta.cl\/index.php\/wp-json\/wp\/v2\/users\/5"}],"replies":[{"embeddable":true,"href":"https:\/\/admision.uta.cl\/index.php\/wp-json\/wp\/v2\/comments?post=5551"}],"version-history":[{"count":27,"href":"https:\/\/admision.uta.cl\/index.php\/wp-json\/wp\/v2\/pages\/5551\/revisions"}],"predecessor-version":[{"id":24806,"href":"https:\/\/admision.uta.cl\/index.php\/wp-json\/wp\/v2\/pages\/5551\/revisions\/24806"}],"wp:attachment":[{"href":"https:\/\/admision.uta.cl\/index.php\/wp-json\/wp\/v2\/media?parent=5551"}],"curies":[{"name":"wp","href":"https:\/\/api.w.org\/{rel}","templated":true}]}}